{"id":34772,"date":"2025-06-02T16:52:48","date_gmt":"2025-06-02T08:52:48","guid":{"rendered":"https:\/\/udnpack.net\/product\/d10-fl01-a20\/"},"modified":"2025-07-15T13:18:41","modified_gmt":"2025-07-15T05:18:41","slug":"d10-fl01-a20","status":"publish","type":"product","link":"https:\/\/udnpack.net\/fr\/produit\/d10-fl01-a20\/","title":{"rendered":"D10-FL01-A20"},"content":{"rendered":"<p><span data-sheets-root=\"1\">Conception \u00e9l\u00e9gante et portable pour un transport facile. Permet une application pr\u00e9cise sur les zones cibl\u00e9es avec un contr\u00f4le pr\u00e9cis du dosage<\/span><\/p>","protected":false},"excerpt":{"rendered":"<p>Conception \u00e9l\u00e9gante et portable pour un transport facile. Permet une application pr\u00e9cise sur les zones cibl\u00e9es avec un contr\u00f4le pr\u00e9cis du dosage<\/p>","protected":false},"featured_media":32430,"template":"","meta":[],"product_brand":[],"product_cat":[37],"product_tag":[],"udn-head":[325],"udn-length":[186,187],"udn-diameter":[250],"udn-capacity":[189],"udn-application":[301,305,300],"udn-shape":[303],"class_list":{"0":"post-34772","1":"product","2":"type-product","3":"status-publish","4":"has-post-thumbnail","6":"product_cat-37","7":"udn-head-pctg-tubes","8":"udn-length-40-80","9":"udn-length-81-120","10":"udn-diameter-250","11":"udn-capacity-0-10","12":"udn-application-body-care","13":"udn-application-eye-and-lip-care","14":"udn-application-facial-care","15":"udn-shape-round","17":"first","18":"instock","19":"purchasable","20":"product-type-simple"},"_links":{"self":[{"href":"https:\/\/udnpack.net\/fr\/wp-json\/wp\/v2\/product\/34772","targetHints":{"allow":["GET"]}}],"collection":[{"href":"https:\/\/udnpack.net\/fr\/wp-json\/wp\/v2\/product"}],"about":[{"href":"https:\/\/udnpack.net\/fr\/wp-json\/wp\/v2\/types\/product"}],"version-history":[{"count":0,"href":"https:\/\/udnpack.net\/fr\/wp-json\/wp\/v2\/product\/34772\/revisions"}],"wp:featuredmedia":[{"embeddable":true,"href":"https:\/\/udnpack.net\/fr\/wp-json\/wp\/v2\/media\/32430"}],"wp:attachment":[{"href":"https:\/\/udnpack.net\/fr\/wp-json\/wp\/v2\/media?parent=34772"}],"wp:term":[{"taxonomy":"product_brand","embeddable":true,"href":"https:\/\/udnpack.net\/fr\/wp-json\/wp\/v2\/product_brand?post=34772"},{"taxonomy":"product_cat","embeddable":true,"href":"https:\/\/udnpack.net\/fr\/wp-json\/wp\/v2\/product_cat?post=34772"},{"taxonomy":"product_tag","embeddable":true,"href":"https:\/\/udnpack.net\/fr\/wp-json\/wp\/v2\/product_tag?post=34772"},{"taxonomy":"udn-head","embeddable":true,"href":"https:\/\/udnpack.net\/fr\/wp-json\/wp\/v2\/udn-head?post=34772"},{"taxonomy":"udn-length","embeddable":true,"href":"https:\/\/udnpack.net\/fr\/wp-json\/wp\/v2\/udn-length?post=34772"},{"taxonomy":"udn-diameter","embeddable":true,"href":"https:\/\/udnpack.net\/fr\/wp-json\/wp\/v2\/udn-diameter?post=34772"},{"taxonomy":"udn-capacity","embeddable":true,"href":"https:\/\/udnpack.net\/fr\/wp-json\/wp\/v2\/udn-capacity?post=34772"},{"taxonomy":"udn-application","embeddable":true,"href":"https:\/\/udnpack.net\/fr\/wp-json\/wp\/v2\/udn-application?post=34772"},{"taxonomy":"udn-shape","embeddable":true,"href":"https:\/\/udnpack.net\/fr\/wp-json\/wp\/v2\/udn-shape?post=34772"}],"curies":[{"name":"wp","href":"https:\/\/api.w.org\/{rel}","templated":true}]}}