{"id":34774,"date":"2025-06-02T16:52:48","date_gmt":"2025-06-02T08:52:48","guid":{"rendered":"https:\/\/udnpack.net\/product\/d10-fl01-a18\/"},"modified":"2025-07-15T13:11:06","modified_gmt":"2025-07-15T05:11:06","slug":"d10-fl01-a18","status":"publish","type":"product","link":"https:\/\/udnpack.net\/fr\/produit\/d10-fl01-a18\/","title":{"rendered":"D10-FL01-A18"},"content":{"rendered":"<p><span data-sheets-root=\"1\">Doux pour la peau, avec une texture velout\u00e9e, disponible dans des mat\u00e9riaux antibact\u00e9riens.<\/span><\/p>","protected":false},"excerpt":{"rendered":"<p>Doux pour la peau, avec une texture velout\u00e9e, disponible dans des mat\u00e9riaux antibact\u00e9riens.<\/p>","protected":false},"featured_media":32432,"template":"","meta":[],"product_brand":[],"product_cat":[37],"product_tag":[],"udn-head":[313],"udn-length":[186,187],"udn-diameter":[250],"udn-capacity":[189],"udn-application":[301,305,300,302],"udn-shape":[303],"class_list":{"0":"post-34774","1":"product","2":"type-product","3":"status-publish","4":"has-post-thumbnail","6":"product_cat-37","7":"udn-head-flocked-head-tubes","8":"udn-length-40-80","9":"udn-length-81-120","10":"udn-diameter-250","11":"udn-capacity-0-10","12":"udn-application-body-care","13":"udn-application-eye-and-lip-care","14":"udn-application-facial-care","15":"udn-application-hair-care","16":"udn-shape-round","18":"first","19":"instock","20":"purchasable","21":"product-type-simple"},"_links":{"self":[{"href":"https:\/\/udnpack.net\/fr\/wp-json\/wp\/v2\/product\/34774","targetHints":{"allow":["GET"]}}],"collection":[{"href":"https:\/\/udnpack.net\/fr\/wp-json\/wp\/v2\/product"}],"about":[{"href":"https:\/\/udnpack.net\/fr\/wp-json\/wp\/v2\/types\/product"}],"version-history":[{"count":0,"href":"https:\/\/udnpack.net\/fr\/wp-json\/wp\/v2\/product\/34774\/revisions"}],"wp:featuredmedia":[{"embeddable":true,"href":"https:\/\/udnpack.net\/fr\/wp-json\/wp\/v2\/media\/32432"}],"wp:attachment":[{"href":"https:\/\/udnpack.net\/fr\/wp-json\/wp\/v2\/media?parent=34774"}],"wp:term":[{"taxonomy":"product_brand","embeddable":true,"href":"https:\/\/udnpack.net\/fr\/wp-json\/wp\/v2\/product_brand?post=34774"},{"taxonomy":"product_cat","embeddable":true,"href":"https:\/\/udnpack.net\/fr\/wp-json\/wp\/v2\/product_cat?post=34774"},{"taxonomy":"product_tag","embeddable":true,"href":"https:\/\/udnpack.net\/fr\/wp-json\/wp\/v2\/product_tag?post=34774"},{"taxonomy":"udn-head","embeddable":true,"href":"https:\/\/udnpack.net\/fr\/wp-json\/wp\/v2\/udn-head?post=34774"},{"taxonomy":"udn-length","embeddable":true,"href":"https:\/\/udnpack.net\/fr\/wp-json\/wp\/v2\/udn-length?post=34774"},{"taxonomy":"udn-diameter","embeddable":true,"href":"https:\/\/udnpack.net\/fr\/wp-json\/wp\/v2\/udn-diameter?post=34774"},{"taxonomy":"udn-capacity","embeddable":true,"href":"https:\/\/udnpack.net\/fr\/wp-json\/wp\/v2\/udn-capacity?post=34774"},{"taxonomy":"udn-application","embeddable":true,"href":"https:\/\/udnpack.net\/fr\/wp-json\/wp\/v2\/udn-application?post=34774"},{"taxonomy":"udn-shape","embeddable":true,"href":"https:\/\/udnpack.net\/fr\/wp-json\/wp\/v2\/udn-shape?post=34774"}],"curies":[{"name":"wp","href":"https:\/\/api.w.org\/{rel}","templated":true}]}}