{"id":36593,"date":"2025-06-05T15:14:58","date_gmt":"2025-06-05T07:14:58","guid":{"rendered":"https:\/\/udnpack.net\/product\/d13-hst4\/"},"modified":"2025-07-15T13:24:16","modified_gmt":"2025-07-15T05:24:16","slug":"d13-hst4","status":"publish","type":"product","link":"https:\/\/udnpack.net\/fr\/produit\/d13-hst4\/","title":{"rendered":"D13-HST4"},"content":{"rendered":"<p><span data-sheets-root=\"1\">Le design angulaire suit la courbe naturelle des l\u00e8vres, rendant l'application plus douce et plus \u00e9l\u00e9gante. Mince et portable pour une exp\u00e9rience d'utilisation pratique.<\/span><\/p>","protected":false},"excerpt":{"rendered":"<p>Le design angulaire suit la courbe naturelle des l\u00e8vres, rendant l'application plus douce et plus \u00e9l\u00e9gante. Mince et portable pour une exp\u00e9rience d'utilisation pratique.<\/p>","protected":false},"featured_media":36609,"template":"","meta":[],"product_brand":[],"product_cat":[37],"product_tag":[],"udn-head":[317],"udn-length":[186,187],"udn-diameter":[188],"udn-capacity":[189],"udn-application":[301,305,300],"udn-shape":[303],"class_list":{"0":"post-36593","1":"product","2":"type-product","3":"status-publish","4":"has-post-thumbnail","6":"product_cat-37","7":"udn-head-angled-head-tubes","8":"udn-length-40-80","9":"udn-length-81-120","10":"udn-diameter-188","11":"udn-capacity-0-10","12":"udn-application-body-care","13":"udn-application-eye-and-lip-care","14":"udn-application-facial-care","15":"udn-shape-round","17":"first","18":"instock","19":"purchasable","20":"product-type-simple"},"_links":{"self":[{"href":"https:\/\/udnpack.net\/fr\/wp-json\/wp\/v2\/product\/36593","targetHints":{"allow":["GET"]}}],"collection":[{"href":"https:\/\/udnpack.net\/fr\/wp-json\/wp\/v2\/product"}],"about":[{"href":"https:\/\/udnpack.net\/fr\/wp-json\/wp\/v2\/types\/product"}],"version-history":[{"count":0,"href":"https:\/\/udnpack.net\/fr\/wp-json\/wp\/v2\/product\/36593\/revisions"}],"wp:featuredmedia":[{"embeddable":true,"href":"https:\/\/udnpack.net\/fr\/wp-json\/wp\/v2\/media\/36609"}],"wp:attachment":[{"href":"https:\/\/udnpack.net\/fr\/wp-json\/wp\/v2\/media?parent=36593"}],"wp:term":[{"taxonomy":"product_brand","embeddable":true,"href":"https:\/\/udnpack.net\/fr\/wp-json\/wp\/v2\/product_brand?post=36593"},{"taxonomy":"product_cat","embeddable":true,"href":"https:\/\/udnpack.net\/fr\/wp-json\/wp\/v2\/product_cat?post=36593"},{"taxonomy":"product_tag","embeddable":true,"href":"https:\/\/udnpack.net\/fr\/wp-json\/wp\/v2\/product_tag?post=36593"},{"taxonomy":"udn-head","embeddable":true,"href":"https:\/\/udnpack.net\/fr\/wp-json\/wp\/v2\/udn-head?post=36593"},{"taxonomy":"udn-length","embeddable":true,"href":"https:\/\/udnpack.net\/fr\/wp-json\/wp\/v2\/udn-length?post=36593"},{"taxonomy":"udn-diameter","embeddable":true,"href":"https:\/\/udnpack.net\/fr\/wp-json\/wp\/v2\/udn-diameter?post=36593"},{"taxonomy":"udn-capacity","embeddable":true,"href":"https:\/\/udnpack.net\/fr\/wp-json\/wp\/v2\/udn-capacity?post=36593"},{"taxonomy":"udn-application","embeddable":true,"href":"https:\/\/udnpack.net\/fr\/wp-json\/wp\/v2\/udn-application?post=36593"},{"taxonomy":"udn-shape","embeddable":true,"href":"https:\/\/udnpack.net\/fr\/wp-json\/wp\/v2\/udn-shape?post=36593"}],"curies":[{"name":"wp","href":"https:\/\/api.w.org\/{rel}","templated":true}]}}