{"id":36859,"date":"2025-06-06T11:09:04","date_gmt":"2025-06-06T03:09:04","guid":{"rendered":"https:\/\/udnpack.net\/product\/d19-st6\/"},"modified":"2025-06-06T11:19:07","modified_gmt":"2025-06-06T03:19:07","slug":"d19-st6","status":"publish","type":"product","link":"https:\/\/udnpack.net\/fr\/produit\/d19-st6\/","title":{"rendered":"D19-ST6"},"content":{"rendered":"<p>L'embout coud\u00e9 permet de contr\u00f4ler facilement l'\u00e9coulement du produit. L'applicateur en TPR est souple et sa texture est lisse. L\u00e9ger et facile \u00e0 utiliser en d\u00e9placement.<\/p>","protected":false},"excerpt":{"rendered":"<p>L'embout coud\u00e9 permet de contr\u00f4ler facilement l'\u00e9coulement du produit. L'applicateur en TPR est souple et sa texture est lisse. L\u00e9ger et facile \u00e0 utiliser en d\u00e9placement.<\/p>","protected":false},"featured_media":36831,"template":"","meta":[],"product_brand":[],"product_cat":[37],"product_tag":[],"udn-head":[304],"udn-length":[186,187],"udn-diameter":[198],"udn-capacity":[189,195],"udn-application":[301,305,300],"udn-shape":[303],"class_list":{"0":"post-36859","1":"product","2":"type-product","3":"status-publish","4":"has-post-thumbnail","6":"product_cat-37","7":"udn-head-soft-rubber-head-tubes","8":"udn-length-40-80","9":"udn-length-81-120","10":"udn-diameter-198","11":"udn-capacity-0-10","12":"udn-capacity-11-20","13":"udn-application-body-care","14":"udn-application-eye-and-lip-care","15":"udn-application-facial-care","16":"udn-shape-round","18":"first","19":"instock","20":"purchasable","21":"product-type-variable"},"_links":{"self":[{"href":"https:\/\/udnpack.net\/fr\/wp-json\/wp\/v2\/product\/36859","targetHints":{"allow":["GET"]}}],"collection":[{"href":"https:\/\/udnpack.net\/fr\/wp-json\/wp\/v2\/product"}],"about":[{"href":"https:\/\/udnpack.net\/fr\/wp-json\/wp\/v2\/types\/product"}],"version-history":[{"count":0,"href":"https:\/\/udnpack.net\/fr\/wp-json\/wp\/v2\/product\/36859\/revisions"}],"wp:featuredmedia":[{"embeddable":true,"href":"https:\/\/udnpack.net\/fr\/wp-json\/wp\/v2\/media\/36831"}],"wp:attachment":[{"href":"https:\/\/udnpack.net\/fr\/wp-json\/wp\/v2\/media?parent=36859"}],"wp:term":[{"taxonomy":"product_brand","embeddable":true,"href":"https:\/\/udnpack.net\/fr\/wp-json\/wp\/v2\/product_brand?post=36859"},{"taxonomy":"product_cat","embeddable":true,"href":"https:\/\/udnpack.net\/fr\/wp-json\/wp\/v2\/product_cat?post=36859"},{"taxonomy":"product_tag","embeddable":true,"href":"https:\/\/udnpack.net\/fr\/wp-json\/wp\/v2\/product_tag?post=36859"},{"taxonomy":"udn-head","embeddable":true,"href":"https:\/\/udnpack.net\/fr\/wp-json\/wp\/v2\/udn-head?post=36859"},{"taxonomy":"udn-length","embeddable":true,"href":"https:\/\/udnpack.net\/fr\/wp-json\/wp\/v2\/udn-length?post=36859"},{"taxonomy":"udn-diameter","embeddable":true,"href":"https:\/\/udnpack.net\/fr\/wp-json\/wp\/v2\/udn-diameter?post=36859"},{"taxonomy":"udn-capacity","embeddable":true,"href":"https:\/\/udnpack.net\/fr\/wp-json\/wp\/v2\/udn-capacity?post=36859"},{"taxonomy":"udn-application","embeddable":true,"href":"https:\/\/udnpack.net\/fr\/wp-json\/wp\/v2\/udn-application?post=36859"},{"taxonomy":"udn-shape","embeddable":true,"href":"https:\/\/udnpack.net\/fr\/wp-json\/wp\/v2\/udn-shape?post=36859"}],"curies":[{"name":"wp","href":"https:\/\/api.w.org\/{rel}","templated":true}]}}