{"id":37698,"date":"2025-06-07T23:54:04","date_gmt":"2025-06-07T15:54:04","guid":{"rendered":"https:\/\/udnpack.net\/product\/d16-mas1\/"},"modified":"2025-06-07T23:55:00","modified_gmt":"2025-06-07T15:55:00","slug":"d16-mas1","status":"publish","type":"product","link":"https:\/\/udnpack.net\/fr\/produit\/d16-mas1\/","title":{"rendered":"D16-MAS1"},"content":{"rendered":"<p>Facile \u00e0 appliquer sur des zones cibl\u00e9es avec un contr\u00f4le pr\u00e9cis du dosage. Compatible avec le mascara ou les embouts applicateurs floqu\u00e9s pour diff\u00e9rents types de produits.<\/p>","protected":false},"excerpt":{"rendered":"<p>Facile \u00e0 appliquer sur des zones cibl\u00e9es avec un contr\u00f4le pr\u00e9cis du dosage. Compatible avec le mascara ou les embouts applicateurs floqu\u00e9s pour diff\u00e9rents types de produits.<\/p>","protected":false},"featured_media":37689,"template":"","meta":[],"product_brand":[],"product_cat":[37],"product_tag":[],"udn-head":[320],"udn-length":[186,187],"udn-diameter":[269],"udn-capacity":[189,195],"udn-application":[305],"udn-shape":[303],"class_list":{"0":"post-37698","1":"product","2":"type-product","3":"status-publish","4":"has-post-thumbnail","6":"product_cat-37","7":"udn-head-handle-tubes","8":"udn-length-40-80","9":"udn-length-81-120","10":"udn-diameter-269","11":"udn-capacity-0-10","12":"udn-capacity-11-20","13":"udn-application-eye-and-lip-care","14":"udn-shape-round","16":"first","17":"instock","18":"purchasable","19":"product-type-variable"},"_links":{"self":[{"href":"https:\/\/udnpack.net\/fr\/wp-json\/wp\/v2\/product\/37698","targetHints":{"allow":["GET"]}}],"collection":[{"href":"https:\/\/udnpack.net\/fr\/wp-json\/wp\/v2\/product"}],"about":[{"href":"https:\/\/udnpack.net\/fr\/wp-json\/wp\/v2\/types\/product"}],"version-history":[{"count":0,"href":"https:\/\/udnpack.net\/fr\/wp-json\/wp\/v2\/product\/37698\/revisions"}],"wp:featuredmedia":[{"embeddable":true,"href":"https:\/\/udnpack.net\/fr\/wp-json\/wp\/v2\/media\/37689"}],"wp:attachment":[{"href":"https:\/\/udnpack.net\/fr\/wp-json\/wp\/v2\/media?parent=37698"}],"wp:term":[{"taxonomy":"product_brand","embeddable":true,"href":"https:\/\/udnpack.net\/fr\/wp-json\/wp\/v2\/product_brand?post=37698"},{"taxonomy":"product_cat","embeddable":true,"href":"https:\/\/udnpack.net\/fr\/wp-json\/wp\/v2\/product_cat?post=37698"},{"taxonomy":"product_tag","embeddable":true,"href":"https:\/\/udnpack.net\/fr\/wp-json\/wp\/v2\/product_tag?post=37698"},{"taxonomy":"udn-head","embeddable":true,"href":"https:\/\/udnpack.net\/fr\/wp-json\/wp\/v2\/udn-head?post=37698"},{"taxonomy":"udn-length","embeddable":true,"href":"https:\/\/udnpack.net\/fr\/wp-json\/wp\/v2\/udn-length?post=37698"},{"taxonomy":"udn-diameter","embeddable":true,"href":"https:\/\/udnpack.net\/fr\/wp-json\/wp\/v2\/udn-diameter?post=37698"},{"taxonomy":"udn-capacity","embeddable":true,"href":"https:\/\/udnpack.net\/fr\/wp-json\/wp\/v2\/udn-capacity?post=37698"},{"taxonomy":"udn-application","embeddable":true,"href":"https:\/\/udnpack.net\/fr\/wp-json\/wp\/v2\/udn-application?post=37698"},{"taxonomy":"udn-shape","embeddable":true,"href":"https:\/\/udnpack.net\/fr\/wp-json\/wp\/v2\/udn-shape?post=37698"}],"curies":[{"name":"wp","href":"https:\/\/api.w.org\/{rel}","templated":true}]}}